{"id":2,"date":"2010-08-19T23:59:10","date_gmt":"2010-08-19T23:59:10","guid":{"rendered":"http:\/\/www.tuannguyen.net\/blog\/?page_id=2"},"modified":"2020-11-09T08:17:19","modified_gmt":"2020-11-09T13:17:19","slug":"about","status":"publish","type":"page","link":"https:\/\/www.tuannguyen.net\/blog\/about\/","title":{"rendered":"About"},"content":{"rendered":"<p>To see a world in a grain of sand,<br \/>\nAnd a heaven in a wild flower,<br \/>\nHold infinity in the palm of your hand,<br \/>\nAnd eternity in an hour&#8230;<\/p>\n<p>Trong m\u1ed7i h\u1ea1t c\u00e1t ta nh\u1eadn ra th\u1ebf gi\u1edbi<br \/>\nTrong m\u1ed7i \u0111\u00f3a hoa ta nh\u00ecn th\u1ea5y thi\u00ean \u0111\u01b0\u1eddng<br \/>\nTr\u00ean b\u00e0n tay ng\u01b0\u1eddi ch\u1ee9a c\u00f5i v\u00f4 bi\u00ean<br \/>\nM\u1ed9t gi\u00e2y l\u00e1t m\u00e0 l\u1ea1i l\u00e0 v\u0129nh c\u1eedu&#8230;<\/p>\n","protected":false},"excerpt":{"rendered":"<p>To see a world in a grain of sand, And a heaven in a wild flower, Hold infinity in the palm of your hand, And eternity in an hour&#8230; Trong m\u1ed7i h\u1ea1t c\u00e1t ta nh\u1eadn ra th\u1ebf gi\u1edbi Trong m\u1ed7i \u0111\u00f3a hoa ta nh\u00ecn th\u1ea5y thi\u00ean \u0111\u01b0\u1eddng Tr\u00ean b\u00e0n tay ng\u01b0\u1eddi ch\u1ee9a c\u00f5i v\u00f4 bi\u00ean [&hellip;]<\/p>\n","protected":false},"author":1,"featured_media":0,"parent":0,"menu_order":0,"comment_status":"closed","ping_status":"open","template":"","meta":{"footnotes":""},"class_list":["post-2","page","type-page","status-publish","hentry"],"_links":{"self":[{"href":"https:\/\/www.tuannguyen.net\/blog\/wp-json\/wp\/v2\/pages\/2","targetHints":{"allow":["GET"]}}],"collection":[{"href":"https:\/\/www.tuannguyen.net\/blog\/wp-json\/wp\/v2\/pages"}],"about":[{"href":"https:\/\/www.tuannguyen.net\/blog\/wp-json\/wp\/v2\/types\/page"}],"author":[{"embeddable":true,"href":"https:\/\/www.tuannguyen.net\/blog\/wp-json\/wp\/v2\/users\/1"}],"replies":[{"embeddable":true,"href":"https:\/\/www.tuannguyen.net\/blog\/wp-json\/wp\/v2\/comments?post=2"}],"version-history":[{"count":2,"href":"https:\/\/www.tuannguyen.net\/blog\/wp-json\/wp\/v2\/pages\/2\/revisions"}],"predecessor-version":[{"id":11842,"href":"https:\/\/www.tuannguyen.net\/blog\/wp-json\/wp\/v2\/pages\/2\/revisions\/11842"}],"wp:attachment":[{"href":"https:\/\/www.tuannguyen.net\/blog\/wp-json\/wp\/v2\/media?parent=2"}],"curies":[{"name":"wp","href":"https:\/\/api.w.org\/{rel}","templated":true}]}}